{"id":2011,"date":"2024-04-11T19:34:39","date_gmt":"2024-04-11T19:34:39","guid":{"rendered":"https:\/\/bodywithoutpain.com\/?post_type=product&#038;p=2011"},"modified":"2024-07-24T21:53:27","modified_gmt":"2024-07-24T21:53:27","slug":"ouvre-bouteille-electrique-personnes-agees-arthrite","status":"publish","type":"product","link":"https:\/\/bodywithoutpain.com\/fr\/produit\/ouvre-bouteille-electrique-personnes-agees-arthrite\/","title":{"rendered":"OUVRE BOUTEILLE \u00c9LECTRIQUE POUR LES PERSONNES \u00c2G\u00c9ES OU SOUFFRANT D&rsquo;ARTHRITE"},"content":{"rendered":"<p>Vous en avez assez de vous battre avec les d\u00e9capsuleurs traditionnels ? Voici notre ouvre-bouteille \u00e9lectrique, la <a href=\"https:\/\/bodywithoutpain.com\/fr\/solutions-pour-les-personnes-agees-les-mains-faibles-et-larthrite-ouvre-bouteilles-en-plastique\/\">solution parfaite pour les personnes \u00e2g\u00e9es, les enfants et toute personne dont la mobilit\u00e9 des mains est limit\u00e9e<\/a>. Il suffit d&rsquo;appuyer sur un bouton pour ouvrir sans effort les bouteilles en plastique d&rsquo;eau, de soda, de jus de fruits et autres, ce qui est id\u00e9al pour les personnes souffrant d&rsquo;arthrite ou ayant les mains fragiles.<\/p>\n<p>Placez l&rsquo;appareil sur le bouchon de la bouteille, puis appuyez sur le bouton de d\u00e9marrage et maintenez-le enfonc\u00e9. L&rsquo;outil saisit rapidement le bouchon et l&rsquo;ouvre en un rien de temps. Ses m\u00e2choires r\u00e9glables saisissent facilement le bouchon de la bouteille, brisant ainsi le sceau de la plupart des bouteilles que vous trouverez.<\/p>\n<p>Con\u00e7u dans un souci de commodit\u00e9, cet ouvre-bouteille l\u00e9ger et compact est aliment\u00e9 par 2 piles AA (non incluses), ce qui permet de l&rsquo;utiliser n&rsquo;importe o\u00f9, \u00e0 la maison ou en d\u00e9placement. Sa conception ergonomique garantit une manipulation confortable, en particulier pour les personnes \u00e2g\u00e9es.<\/p>\n<p>Dites adieu \u00e0 la corv\u00e9e de tourner et retourner les bouchons de bouteilles. Notre ouvre-bouteille est accompagn\u00e9 d&rsquo;un manuel d&rsquo;instructions en anglais pour faciliter l&rsquo;installation et l&rsquo;utilisation, ce qui en fait un cadeau pratique et attentionn\u00e9 pour ceux que vous aimez.<\/p>\n<p>Am\u00e9liorez votre exp\u00e9rience de la cuisine avec ce d\u00e9capsuleur essentiel. Savourez vos boissons pr\u00e9f\u00e9r\u00e9es sans avoir \u00e0 vous battre, et ouvrez les bouteilles sans effort. Optez d\u00e8s aujourd&rsquo;hui pour notre d\u00e9capsuleur \u00e9lectrique et d\u00e9couvrez la commodit\u00e9 qu&rsquo;il apporte au bout de vos doigts.<\/p>\n<p><img decoding=\"async\" class=\"alignnone size-full wp-image-1993\" src=\"https:\/\/bodywithoutpain.com\/wp-content\/uploads\/2024\/04\/Body-Without-Pain-A-image-1-970x300-.jpeg\" alt=\"\" width=\"1940\" height=\"600\" title=\"\" srcset=\"https:\/\/bodywithoutpain.com\/wp-content\/uploads\/2024\/04\/Body-Without-Pain-A-image-1-970x300-.jpeg 1940w, https:\/\/bodywithoutpain.com\/wp-content\/uploads\/2024\/04\/Body-Without-Pain-A-image-1-970x300--300x93.jpeg 300w, https:\/\/bodywithoutpain.com\/wp-content\/uploads\/2024\/04\/Body-Without-Pain-A-image-1-970x300--1024x317.jpeg 1024w, https:\/\/bodywithoutpain.com\/wp-content\/uploads\/2024\/04\/Body-Without-Pain-A-image-1-970x300--768x238.jpeg 768w, https:\/\/bodywithoutpain.com\/wp-content\/uploads\/2024\/04\/Body-Without-Pain-A-image-1-970x300--1536x475.jpeg 1536w, https:\/\/bodywithoutpain.com\/wp-content\/uploads\/2024\/04\/Body-Without-Pain-A-image-1-970x300--600x186.jpeg 600w\" sizes=\"(max-width: 1940px) 100vw, 1940px\" \/><\/p>\n<h4 class=\"a-spacing-mini\" style=\"text-align: center;\">\u00c9TAPE 1<\/h4>\n<p style=\"text-align: center;\">Placez l&rsquo;appareil sur le bouchon de la bouteille.<\/p>\n<p><img decoding=\"async\" class=\"size-full wp-image-1995 aligncenter\" src=\"https:\/\/bodywithoutpain.com\/wp-content\/uploads\/2024\/04\/a-image-2-Step-1.jpeg\" alt=\"\" width=\"600\" height=\"600\" title=\"\" srcset=\"https:\/\/bodywithoutpain.com\/wp-content\/uploads\/2024\/04\/a-image-2-Step-1.jpeg 600w, https:\/\/bodywithoutpain.com\/wp-content\/uploads\/2024\/04\/a-image-2-Step-1-300x300.jpeg 300w, https:\/\/bodywithoutpain.com\/wp-content\/uploads\/2024\/04\/a-image-2-Step-1-150x150.jpeg 150w, https:\/\/bodywithoutpain.com\/wp-content\/uploads\/2024\/04\/a-image-2-Step-1-100x100.jpeg 100w\" sizes=\"(max-width: 600px) 100vw, 600px\" \/><\/p>\n<h4 class=\"a-spacing-mini\" style=\"text-align: center;\">\u00c9TAPE 2<\/h4>\n<p style=\"text-align: center;\">Appuyez sur le bouton de d\u00e9marrage et maintenez-le enfonc\u00e9.<br \/>\nL&rsquo;outil saisit rapidement le bouchon et l&rsquo;ouvre en un rien de temps. Ses m\u00e2choires r\u00e9glables saisissent facilement le bouchon de la bouteille, brisant ainsi le sceau de la plupart des bouteilles que vous trouverez.<\/p>\n<p><img decoding=\"async\" class=\"size-full wp-image-1997 aligncenter\" src=\"https:\/\/bodywithoutpain.com\/wp-content\/uploads\/2024\/04\/a-image-2-Step-2.jpeg\" alt=\"\" width=\"600\" height=\"600\" title=\"\" srcset=\"https:\/\/bodywithoutpain.com\/wp-content\/uploads\/2024\/04\/a-image-2-Step-2.jpeg 600w, https:\/\/bodywithoutpain.com\/wp-content\/uploads\/2024\/04\/a-image-2-Step-2-300x300.jpeg 300w, https:\/\/bodywithoutpain.com\/wp-content\/uploads\/2024\/04\/a-image-2-Step-2-150x150.jpeg 150w, https:\/\/bodywithoutpain.com\/wp-content\/uploads\/2024\/04\/a-image-2-Step-2-100x100.jpeg 100w\" sizes=\"(max-width: 600px) 100vw, 600px\" \/><\/p>\n<p>&nbsp;<\/p>\n<h4 class=\"a-spacing-mini\" style=\"text-align: center;\">\u00c9TAPE 3<\/h4>\n<p style=\"text-align: center;\">Lib\u00e9rer le bouchon de la bouteille.<br \/>\nTourner manuellement les m\u00e2choires dans le sens des aiguilles d&rsquo;une montre pour lib\u00e9rer le bouchon de la bouteille et remettre l&rsquo;appareil dans sa position initiale.<\/p>\n<p><img decoding=\"async\" class=\"size-full wp-image-1999 aligncenter\" src=\"https:\/\/bodywithoutpain.com\/wp-content\/uploads\/2024\/04\/a-image-2-Step-3.jpeg\" alt=\"\" width=\"600\" height=\"600\" title=\"\" srcset=\"https:\/\/bodywithoutpain.com\/wp-content\/uploads\/2024\/04\/a-image-2-Step-3.jpeg 600w, https:\/\/bodywithoutpain.com\/wp-content\/uploads\/2024\/04\/a-image-2-Step-3-300x300.jpeg 300w, https:\/\/bodywithoutpain.com\/wp-content\/uploads\/2024\/04\/a-image-2-Step-3-150x150.jpeg 150w, https:\/\/bodywithoutpain.com\/wp-content\/uploads\/2024\/04\/a-image-2-Step-3-100x100.jpeg 100w\" sizes=\"(max-width: 600px) 100vw, 600px\" \/><\/p>\n<h4 class=\"a-spacing-mini\">MAINS FRAGILES ET ARTHRITE<\/h4>\n<p class=\"a-size-small\">Con\u00e7u avec une poign\u00e9e douce au toucher pour une utilisation confortable, notre ouvre-bouteille automatique est parfait pour les personnes \u00e2g\u00e9es et les personnes souffrant d&rsquo;arthrite. Dites adieu \u00e0 la lutte contre les bouchons de bouteille r\u00e9calcitrants !<\/p>\n<h4 class=\"a-spacing-mini\">MAINS BLESS\u00c9ES<\/h4>\n<p class=\"a-size-small\">Avec notre d\u00e9capsuleur automatique, ouvrir des bouteilles devient un jeu d&rsquo;enfant, m\u00eame pour les personnes dont la mobilit\u00e9 des mains est limit\u00e9e par une blessure. Il suffit d&rsquo;appuyer sur le bouton et de laisser l&rsquo;ouvre-bouteille faire le travail \u00e0 votre place !<\/p>\n<h4 class=\"a-spacing-mini\">ADAPT\u00c9 AUX ENFANTS<\/h4>\n<p class=\"a-size-small\">L&rsquo;ouverture des bouteilles devient un jeu d&rsquo;enfant gr\u00e2ce \u00e0 notre d\u00e9capsuleur automatique facile \u00e0 utiliser. Gr\u00e2ce \u00e0 son bouton-poussoir simple, m\u00eame les plus petits peuvent d\u00e9guster leurs boissons pr\u00e9f\u00e9r\u00e9es sans probl\u00e8me !<\/p>\n<h4 class=\"a-spacing-mini\">CADEAU PARFAIT<\/h4>\n<p class=\"a-size-small\">Vous cherchez un cadeau pratique et attentionn\u00e9 ? Notre d\u00e9capsuleur automatique est la r\u00e9ponse ! Que ce soit pour un anniversaire, des vacances ou une occasion sp\u00e9ciale, offrez le cadeau du confort et de la facilit\u00e9 avec notre ouvre-bouteille.<\/p>\n<p><img decoding=\"async\" class=\"alignnone size-full wp-image-2001\" src=\"https:\/\/bodywithoutpain.com\/wp-content\/uploads\/2024\/04\/a-image-3.jpeg\" alt=\"\" width=\"1940\" height=\"600\" title=\"\" srcset=\"https:\/\/bodywithoutpain.com\/wp-content\/uploads\/2024\/04\/a-image-3.jpeg 1940w, https:\/\/bodywithoutpain.com\/wp-content\/uploads\/2024\/04\/a-image-3-300x93.jpeg 300w, https:\/\/bodywithoutpain.com\/wp-content\/uploads\/2024\/04\/a-image-3-1024x317.jpeg 1024w, https:\/\/bodywithoutpain.com\/wp-content\/uploads\/2024\/04\/a-image-3-768x238.jpeg 768w, https:\/\/bodywithoutpain.com\/wp-content\/uploads\/2024\/04\/a-image-3-1536x475.jpeg 1536w, https:\/\/bodywithoutpain.com\/wp-content\/uploads\/2024\/04\/a-image-3-600x186.jpeg 600w\" sizes=\"(max-width: 1940px) 100vw, 1940px\" \/><\/p>\n<p>Am\u00e9liorez votre exp\u00e9rience culinaire avec ce d\u00e9capsuleur incontournable. Savourez vos boissons pr\u00e9f\u00e9r\u00e9es sans avoir \u00e0 vous battre et ouvrez les bouteilles sans effort. Optez d\u00e8s aujourd&rsquo;hui pour le d\u00e9capsuleur \u00e9lectrique de \u00ab <strong>Body Without Pain<\/strong> \u00bb et d\u00e9couvrez la commodit\u00e9 qu&rsquo;il apporte au bout de vos doigts.<\/p>\n<p>Merci,<br \/>\nBody Without Pain.<\/p>\n","protected":false},"excerpt":{"rendered":"<p>Ouvre-bouteille \u00e9lectrique pour personnes \u00e2g\u00e9es &#8211; Solution automatique pour ouvrir facilement les bouteilles d&rsquo;eau. Id\u00e9al pour les mains fragiles ou les personnes souffrant d&rsquo;arthrite. Parfait pour les sodas, le lait, les jus de fruits. Aliment\u00e9 par batterie<\/p>\n<ul>\n<li>Il suffit d&rsquo;appuyer sur un bouton pour ouvrir sans effort les bouteilles en plastique et en verre, ce qui est id\u00e9al pour les personnes souffrant d&rsquo;arthrite ou ayant les mains fragiles.<\/li>\n<li>Aliment\u00e9 par 2 piles AA (non incluses) pour une utilisation pratique n&rsquo;importe o\u00f9.<\/li>\n<li>L\u00e9ger, compact et portable, il est id\u00e9al pour les personnes \u00e2g\u00e9es, les enfants, les femmes et les hommes dont la mobilit\u00e9 des mains est limit\u00e9e.<\/li>\n<li>Fonctionne sans probl\u00e8me avec les bouchons de bouteilles d&rsquo;eau, de lait, de jus de fruits et d&rsquo;autres bouteilles de diff\u00e9rentes tailles.<\/li>\n<li>Sa conception ergonomique garantit une manipulation confortable, en particulier pour les utilisateurs \u00e2g\u00e9s.<\/li>\n<\/ul>\n","protected":false},"featured_media":2187,"template":"","meta":{"_kadence_starter_templates_imported_post":false,"_kad_post_transparent":"default","_kad_post_title":"","_kad_post_layout":"default","_kad_post_sidebar_id":"","_kad_post_content_style":"default","_kad_post_vertical_padding":"default","_kad_post_feature":"","_kad_post_feature_position":"","_kad_post_header":false,"_kad_post_footer":false,"_kad_post_classname":""},"product_brand":[],"product_cat":[],"product_tag":[],"class_list":{"0":"post-2011","1":"product","2":"type-product","3":"status-publish","4":"has-post-thumbnail","7":"first","8":"instock","9":"shipping-taxable","10":"product-type-external","11":"entry","12":"content-bg","13":"loop-entry"},"_links":{"self":[{"href":"https:\/\/bodywithoutpain.com\/fr\/wp-json\/wp\/v2\/product\/2011","targetHints":{"allow":["GET"]}}],"collection":[{"href":"https:\/\/bodywithoutpain.com\/fr\/wp-json\/wp\/v2\/product"}],"about":[{"href":"https:\/\/bodywithoutpain.com\/fr\/wp-json\/wp\/v2\/types\/product"}],"wp:featuredmedia":[{"embeddable":true,"href":"https:\/\/bodywithoutpain.com\/fr\/wp-json\/wp\/v2\/media\/2187"}],"wp:attachment":[{"href":"https:\/\/bodywithoutpain.com\/fr\/wp-json\/wp\/v2\/media?parent=2011"}],"wp:term":[{"taxonomy":"product_brand","embeddable":true,"href":"https:\/\/bodywithoutpain.com\/fr\/wp-json\/wp\/v2\/product_brand?post=2011"},{"taxonomy":"product_cat","embeddable":true,"href":"https:\/\/bodywithoutpain.com\/fr\/wp-json\/wp\/v2\/product_cat?post=2011"},{"taxonomy":"product_tag","embeddable":true,"href":"https:\/\/bodywithoutpain.com\/fr\/wp-json\/wp\/v2\/product_tag?post=2011"}],"curies":[{"name":"wp","href":"https:\/\/api.w.org\/{rel}","templated":true}]}}