{"id":1796,"date":"2024-04-10T19:24:32","date_gmt":"2024-04-10T19:24:32","guid":{"rendered":"https:\/\/bodywithoutpain.com\/?page_id=1796"},"modified":"2024-05-14T13:00:45","modified_gmt":"2024-05-14T13:00:45","slug":"services","status":"publish","type":"page","link":"https:\/\/bodywithoutpain.com\/fr\/services\/","title":{"rendered":"Services"},"content":{"rendered":"<style>.kb-row-layout-id1796_9353f8-29 > .kt-row-column-wrap{align-content:start;}:where(.kb-row-layout-id1796_9353f8-29 > .kt-row-column-wrap) > .wp-block-kadence-column{justify-content:start;}.kb-row-layout-id1796_9353f8-29 > .kt-row-column-wrap{column-gap:var(--global-kb-gap-md, 2rem);row-gap:var(--global-kb-gap-md, 2rem);max-width:var( --global-content-width, 1290px );padding-left:var(--global-content-edge-padding);padding-right:var(--global-content-edge-padding);padding-top:100px;padding-bottom:100px;grid-template-columns:minmax(0, 2fr) minmax(0, 1fr);}.kb-row-layout-id1796_9353f8-29 > .kt-row-layout-overlay{opacity:0.30;}@media all and (max-width: 1024px){.kb-row-layout-id1796_9353f8-29 > .kt-row-column-wrap{grid-template-columns:minmax(0, 2fr) minmax(0, 1fr);}}@media all and (max-width: 767px){.kb-row-layout-id1796_9353f8-29 > .kt-row-column-wrap{grid-template-columns:minmax(0, 1fr);}}<\/style><div class=\"kb-row-layout-wrap kb-row-layout-id1796_9353f8-29 alignnone wp-block-kadence-rowlayout\"><div class=\"kt-row-column-wrap kt-has-2-columns kt-row-layout-left-golden kt-tab-layout-left-golden kt-mobile-layout-row kt-row-valign-top kb-theme-content-width\">\n<style>.kadence-column1796_066f54-93 > .kt-inside-inner-col,.kadence-column1796_066f54-93 > .kt-inside-inner-col:before{border-top-left-radius:0px;border-top-right-radius:0px;border-bottom-right-radius:0px;border-bottom-left-radius:0px;}.kadence-column1796_066f54-93 > .kt-inside-inner-col{column-gap:var(--global-kb-gap-sm, 1rem);}.kadence-column1796_066f54-93 > .kt-inside-inner-col{flex-direction:column;}.kadence-column1796_066f54-93 > .kt-inside-inner-col > .aligncenter{width:100%;}.kadence-column1796_066f54-93 > .kt-inside-inner-col:before{opacity:0.3;}.kadence-column1796_066f54-93{position:relative;}@media all and (max-width: 1024px){.kadence-column1796_066f54-93 > .kt-inside-inner-col{flex-direction:column;justify-content:center;}}@media all and (max-width: 767px){.kadence-column1796_066f54-93 > .kt-inside-inner-col{flex-direction:column;justify-content:center;}}<\/style>\n<div class=\"wp-block-kadence-column kadence-column1796_066f54-93 inner-column-1\"><div class=\"kt-inside-inner-col\"><style>.wp-block-kadence-advancedheading.kt-adv-heading1796_84e53b-37, .wp-block-kadence-advancedheading.kt-adv-heading1796_84e53b-37[data-kb-block=\"kb-adv-heading1796_84e53b-37\"]{font-style:normal;color:#1a202c;}.wp-block-kadence-advancedheading.kt-adv-heading1796_84e53b-37 mark.kt-highlight, .wp-block-kadence-advancedheading.kt-adv-heading1796_84e53b-37[data-kb-block=\"kb-adv-heading1796_84e53b-37\"] mark.kt-highlight{font-style:normal;color:#f76a0c;-webkit-box-decoration-break:clone;box-decoration-break:clone;padding-top:0px;padding-right:0px;padding-bottom:0px;padding-left:0px;}.wp-block-kadence-advancedheading.kt-adv-heading1796_84e53b-37 img.kb-inline-image, .wp-block-kadence-advancedheading.kt-adv-heading1796_84e53b-37[data-kb-block=\"kb-adv-heading1796_84e53b-37\"] img.kb-inline-image{width:150px;vertical-align:baseline;}@media all and (max-width: 767px){.wp-block-kadence-advancedheading.kt-adv-heading1796_84e53b-37, .wp-block-kadence-advancedheading.kt-adv-heading1796_84e53b-37[data-kb-block=\"kb-adv-heading1796_84e53b-37\"]{font-size:var(--global-kb-font-size-xl, 3rem);}}<\/style>\n<h1 class=\"kt-adv-heading1796_84e53b-37 wp-block-kadence-advancedheading\" data-kb-block=\"kb-adv-heading1796_84e53b-37\">MASSOTH\u00c9RAPIE<\/h1>\n<\/div><\/div>\n\n\n<style>.kadence-column1796_543013-ca > .kt-inside-inner-col,.kadence-column1796_543013-ca > .kt-inside-inner-col:before{border-top-left-radius:0px;border-top-right-radius:0px;border-bottom-right-radius:0px;border-bottom-left-radius:0px;}.kadence-column1796_543013-ca > .kt-inside-inner-col{column-gap:var(--global-kb-gap-sm, 1rem);}.kadence-column1796_543013-ca > .kt-inside-inner-col{flex-direction:column;}.kadence-column1796_543013-ca > .kt-inside-inner-col > .aligncenter{width:100%;}.kadence-column1796_543013-ca > .kt-inside-inner-col:before{opacity:0.3;}.kadence-column1796_543013-ca{position:relative;}@media all and (max-width: 1024px){.kadence-column1796_543013-ca > .kt-inside-inner-col{flex-direction:column;justify-content:center;}}@media all and (max-width: 767px){.kadence-column1796_543013-ca > .kt-inside-inner-col{flex-direction:column;justify-content:center;}}<\/style>\n<div class=\"wp-block-kadence-column kadence-column1796_543013-ca kvs-sm-false inner-column-2\"><div class=\"kt-inside-inner-col\"><\/div><\/div>\n\n<\/div><\/div>\n\n<style>.kb-row-layout-id1796_44611c-2c > .kt-row-column-wrap{align-content:start;}:where(.kb-row-layout-id1796_44611c-2c > .kt-row-column-wrap) > .wp-block-kadence-column{justify-content:start;}.kb-row-layout-id1796_44611c-2c > .kt-row-column-wrap{column-gap:80px;row-gap:var(--global-kb-gap-md, 2rem);max-width:var( --global-content-width, 1290px );padding-left:var(--global-content-edge-padding);padding-right:var(--global-content-edge-padding);padding-top:80px;padding-bottom:80px;grid-template-columns:repeat(2, minmax(0, 1fr));}.kb-row-layout-id1796_44611c-2c{background-image:url('http:\/\/bodywithoutpain.com\/wp-content\/uploads\/2024\/04\/mountain-and-forest-resized.jpg');background-size:cover;background-position:center center;background-attachment:scroll;background-repeat:no-repeat;}.kb-row-layout-id1796_44611c-2c > .kt-row-layout-overlay{opacity:0.90;background-color:var(--global-palette5, #4A5568);}@media all and (max-width: 1024px){.kb-row-layout-id1796_44611c-2c > .kt-row-column-wrap{grid-template-columns:minmax(0, 1fr);}}@media all and (max-width: 767px){.kb-row-layout-id1796_44611c-2c > .kt-row-column-wrap{grid-template-columns:minmax(0, 1fr);}}.kb-row-layout-id1796_44611c-2c .about-img {  margin-top: 40px;}<\/style><div class=\"kb-row-layout-wrap kb-row-layout-id1796_44611c-2c alignnone kt-row-has-bg wp-block-kadence-rowlayout\"><div class=\"kt-row-layout-overlay kt-row-overlay-normal\"><\/div><div class=\"kt-row-column-wrap kt-has-2-columns kt-row-layout-equal kt-tab-layout-row kt-mobile-layout-row kt-row-valign-top kb-theme-content-width\">\n<style>.kadence-column1796_410a97-c1 > .kt-inside-inner-col,.kadence-column1796_410a97-c1 > .kt-inside-inner-col:before{border-top-left-radius:0px;border-top-right-radius:0px;border-bottom-right-radius:0px;border-bottom-left-radius:0px;}.kadence-column1796_410a97-c1 > .kt-inside-inner-col{column-gap:var(--global-kb-gap-sm, 1rem);}.kadence-column1796_410a97-c1 > .kt-inside-inner-col{flex-direction:column;}.kadence-column1796_410a97-c1 > .kt-inside-inner-col > .aligncenter{width:100%;}.kadence-column1796_410a97-c1 > .kt-inside-inner-col:before{opacity:0.3;}.kadence-column1796_410a97-c1{position:relative;}@media all and (max-width: 1024px){.kadence-column1796_410a97-c1 > .kt-inside-inner-col{flex-direction:column;justify-content:center;}}@media all and (max-width: 767px){.kadence-column1796_410a97-c1 > .kt-inside-inner-col{flex-direction:column;justify-content:center;}}<\/style>\n<div class=\"wp-block-kadence-column kadence-column1796_410a97-c1 inner-column-1\"><div class=\"kt-inside-inner-col\"><style>.wp-block-kadence-advancedheading.kt-adv-heading1796_faec21-6a, .wp-block-kadence-advancedheading.kt-adv-heading1796_faec21-6a[data-kb-block=\"kb-adv-heading1796_faec21-6a\"]{font-style:normal;}.wp-block-kadence-advancedheading.kt-adv-heading1796_faec21-6a mark.kt-highlight, .wp-block-kadence-advancedheading.kt-adv-heading1796_faec21-6a[data-kb-block=\"kb-adv-heading1796_faec21-6a\"] mark.kt-highlight{font-style:normal;color:#f76a0c;-webkit-box-decoration-break:clone;box-decoration-break:clone;padding-top:0px;padding-right:0px;padding-bottom:0px;padding-left:0px;}.wp-block-kadence-advancedheading.kt-adv-heading1796_faec21-6a img.kb-inline-image, .wp-block-kadence-advancedheading.kt-adv-heading1796_faec21-6a[data-kb-block=\"kb-adv-heading1796_faec21-6a\"] img.kb-inline-image{width:150px;vertical-align:baseline;}<\/style>\n<h6 class=\"kt-adv-heading1796_faec21-6a wp-block-kadence-advancedheading has-theme-palette-2-color has-text-color\" data-kb-block=\"kb-adv-heading1796_faec21-6a\">Notre partenaire<\/h6>\n\n\n<style>.wp-block-kadence-advancedheading.kt-adv-heading1796_fd1889-31, .wp-block-kadence-advancedheading.kt-adv-heading1796_fd1889-31[data-kb-block=\"kb-adv-heading1796_fd1889-31\"]{line-height:1em;font-style:normal;}.wp-block-kadence-advancedheading.kt-adv-heading1796_fd1889-31 mark.kt-highlight, .wp-block-kadence-advancedheading.kt-adv-heading1796_fd1889-31[data-kb-block=\"kb-adv-heading1796_fd1889-31\"] mark.kt-highlight{font-style:normal;color:#f76a0c;-webkit-box-decoration-break:clone;box-decoration-break:clone;padding-top:0px;padding-right:0px;padding-bottom:0px;padding-left:0px;}.wp-block-kadence-advancedheading.kt-adv-heading1796_fd1889-31 img.kb-inline-image, .wp-block-kadence-advancedheading.kt-adv-heading1796_fd1889-31[data-kb-block=\"kb-adv-heading1796_fd1889-31\"] img.kb-inline-image{width:150px;vertical-align:baseline;}<\/style>\n<h2 class=\"kt-adv-heading1796_fd1889-31 wp-block-kadence-advancedheading has-theme-palette-9-color has-text-color\" data-kb-block=\"kb-adv-heading1796_fd1889-31\">Betty<\/h2>\n\n\n<style>.wp-block-kadence-advancedheading.kt-adv-heading1796_c78dff-35, .wp-block-kadence-advancedheading.kt-adv-heading1796_c78dff-35[data-kb-block=\"kb-adv-heading1796_c78dff-35\"]{font-style:normal;}.wp-block-kadence-advancedheading.kt-adv-heading1796_c78dff-35 mark.kt-highlight, .wp-block-kadence-advancedheading.kt-adv-heading1796_c78dff-35[data-kb-block=\"kb-adv-heading1796_c78dff-35\"] mark.kt-highlight{font-style:normal;color:var(--global-palette1, #3182CE);-webkit-box-decoration-break:clone;box-decoration-break:clone;padding-top:0px;padding-right:0px;padding-bottom:0px;padding-left:0px;}.wp-block-kadence-advancedheading.kt-adv-heading1796_c78dff-35 img.kb-inline-image, .wp-block-kadence-advancedheading.kt-adv-heading1796_c78dff-35[data-kb-block=\"kb-adv-heading1796_c78dff-35\"] img.kb-inline-image{width:150px;vertical-align:baseline;}<\/style>\n<p class=\"kt-adv-heading1796_c78dff-35 wp-block-kadence-advancedheading has-theme-palette-9-color has-text-color\" data-kb-block=\"kb-adv-heading1796_c78dff-35\">Chez <strong><mark class=\"kt-highlight\">Body Without Pain<\/mark><\/strong>, nous nous engageons \u00e0 promouvoir le bien-\u00eatre par le biais de la massoth\u00e9rapie. Nous nous sommes associ\u00e9s avec <strong><mark class=\"kt-highlight\">Betty<\/mark><\/strong>, une <strong><mark class=\"kt-highlight\">massoth\u00e9rapeute exp\u00e9riment\u00e9e<\/mark><\/strong>, pour offrir des services de massage th\u00e9rapeutiques professionnels \u00e0 nos clients.<br><\/p>\n\n\n<style>.wp-block-kadence-advancedheading.kt-adv-heading1796_3ef7ff-f3, .wp-block-kadence-advancedheading.kt-adv-heading1796_3ef7ff-f3[data-kb-block=\"kb-adv-heading1796_3ef7ff-f3\"]{font-style:normal;}.wp-block-kadence-advancedheading.kt-adv-heading1796_3ef7ff-f3 mark.kt-highlight, .wp-block-kadence-advancedheading.kt-adv-heading1796_3ef7ff-f3[data-kb-block=\"kb-adv-heading1796_3ef7ff-f3\"] mark.kt-highlight{font-style:normal;color:var(--global-palette1, #3182CE);-webkit-box-decoration-break:clone;box-decoration-break:clone;padding-top:0px;padding-right:0px;padding-bottom:0px;padding-left:0px;}.wp-block-kadence-advancedheading.kt-adv-heading1796_3ef7ff-f3 img.kb-inline-image, .wp-block-kadence-advancedheading.kt-adv-heading1796_3ef7ff-f3[data-kb-block=\"kb-adv-heading1796_3ef7ff-f3\"] img.kb-inline-image{width:150px;vertical-align:baseline;}<\/style>\n<p class=\"kt-adv-heading1796_3ef7ff-f3 wp-block-kadence-advancedheading has-theme-palette-9-color has-text-color\" data-kb-block=\"kb-adv-heading1796_3ef7ff-f3\"><br><\/p>\n\n\n<style>.wp-block-kadence-advancedheading.kt-adv-heading1796_c37ad9-a5, .wp-block-kadence-advancedheading.kt-adv-heading1796_c37ad9-a5[data-kb-block=\"kb-adv-heading1796_c37ad9-a5\"]{font-size:var(--global-kb-font-size-md, 1.25rem);font-style:normal;}.wp-block-kadence-advancedheading.kt-adv-heading1796_c37ad9-a5 mark.kt-highlight, .wp-block-kadence-advancedheading.kt-adv-heading1796_c37ad9-a5[data-kb-block=\"kb-adv-heading1796_c37ad9-a5\"] mark.kt-highlight{font-style:normal;color:var(--global-palette1, #3182CE);-webkit-box-decoration-break:clone;box-decoration-break:clone;padding-top:0px;padding-right:0px;padding-bottom:0px;padding-left:0px;}.wp-block-kadence-advancedheading.kt-adv-heading1796_c37ad9-a5 img.kb-inline-image, .wp-block-kadence-advancedheading.kt-adv-heading1796_c37ad9-a5[data-kb-block=\"kb-adv-heading1796_c37ad9-a5\"] img.kb-inline-image{width:150px;vertical-align:baseline;}<\/style>\n<p class=\"kt-adv-heading1796_c37ad9-a5 wp-block-kadence-advancedheading has-theme-palette-9-color has-text-color\" data-kb-block=\"kb-adv-heading1796_c37ad9-a5\"><strong>Pr\u00eat \u00e0 d\u00e9couvrir les bienfaits de la massoth\u00e9rapie ?<\/strong><\/p>\n\n\n\n<div class=\"wp-block-buttons nfd-text-base is-layout-flex wp-block-buttons-is-layout-flex\">\n<div class=\"wp-block-button\" style=\"line-height:1.5\"><a class=\"wp-block-button__link wp-element-button\" href=\"https:\/\/betty-luong-rmt.com\/\" style=\"padding-top:16px;padding-right:32px;padding-bottom:16px;padding-left:32px\" target=\"_blank\" rel=\"noreferrer noopener nofollow\">Consultez le site de betty<\/a><\/div>\n<\/div>\n<\/div><\/div>\n\n\n<style>.kadence-column1796_39eac0-a4 > .kt-inside-inner-col,.kadence-column1796_39eac0-a4 > .kt-inside-inner-col:before{border-top-left-radius:0px;border-top-right-radius:0px;border-bottom-right-radius:0px;border-bottom-left-radius:0px;}.kadence-column1796_39eac0-a4 > .kt-inside-inner-col{column-gap:var(--global-kb-gap-sm, 1rem);}.kadence-column1796_39eac0-a4 > .kt-inside-inner-col{flex-direction:column;}.kadence-column1796_39eac0-a4 > .kt-inside-inner-col > .aligncenter{width:100%;}.kadence-column1796_39eac0-a4 > .kt-inside-inner-col:before{opacity:0.3;}.kadence-column1796_39eac0-a4{position:relative;}@media all and (max-width: 1024px){.kadence-column1796_39eac0-a4 > .kt-inside-inner-col{flex-direction:column;justify-content:center;}}@media all and (max-width: 767px){.kadence-column1796_39eac0-a4 > .kt-inside-inner-col{flex-direction:column;justify-content:center;}}<\/style>\n<div class=\"wp-block-kadence-column kadence-column1796_39eac0-a4\"><div class=\"kt-inside-inner-col\"><\/div><\/div>\n\n<\/div><\/div>\n\n\n<p><\/p>\n","protected":false},"excerpt":{"rendered":"<p>MASSOTH\u00c9RAPIE Notre partenaire Betty Chez Body Without Pain, nous nous engageons \u00e0 promouvoir le bien-\u00eatre par le biais de la massoth\u00e9rapie. Nous nous sommes associ\u00e9s avec Betty, une massoth\u00e9rapeute exp\u00e9riment\u00e9e, pour offrir des services de massage th\u00e9rapeutiques professionnels \u00e0 nos clients. Pr\u00eat \u00e0 d\u00e9couvrir les bienfaits de la massoth\u00e9rapie ?<\/p>\n","protected":false},"author":1,"featured_media":0,"parent":0,"menu_order":0,"comment_status":"closed","ping_status":"closed","template":"","meta":{"_kadence_starter_templates_imported_post":false,"_kad_post_transparent":"","_kad_post_title":"hide","_kad_post_layout":"fullwidth","_kad_post_sidebar_id":"","_kad_post_content_style":"unboxed","_kad_post_vertical_padding":"hide","_kad_post_feature":"hide","_kad_post_feature_position":"","_kad_post_header":false,"_kad_post_footer":false,"_kad_post_classname":"","footnotes":""},"class_list":["post-1796","page","type-page","status-publish","hentry"],"_links":{"self":[{"href":"https:\/\/bodywithoutpain.com\/fr\/wp-json\/wp\/v2\/pages\/1796","targetHints":{"allow":["GET"]}}],"collection":[{"href":"https:\/\/bodywithoutpain.com\/fr\/wp-json\/wp\/v2\/pages"}],"about":[{"href":"https:\/\/bodywithoutpain.com\/fr\/wp-json\/wp\/v2\/types\/page"}],"author":[{"embeddable":true,"href":"https:\/\/bodywithoutpain.com\/fr\/wp-json\/wp\/v2\/users\/1"}],"replies":[{"embeddable":true,"href":"https:\/\/bodywithoutpain.com\/fr\/wp-json\/wp\/v2\/comments?post=1796"}],"version-history":[{"count":7,"href":"https:\/\/bodywithoutpain.com\/fr\/wp-json\/wp\/v2\/pages\/1796\/revisions"}],"predecessor-version":[{"id":1807,"href":"https:\/\/bodywithoutpain.com\/fr\/wp-json\/wp\/v2\/pages\/1796\/revisions\/1807"}],"wp:attachment":[{"href":"https:\/\/bodywithoutpain.com\/fr\/wp-json\/wp\/v2\/media?parent=1796"}],"curies":[{"name":"wp","href":"https:\/\/api.w.org\/{rel}","templated":true}]}}